{"id":113,"date":"2023-07-19T11:28:11","date_gmt":"2023-07-19T10:28:11","guid":{"rendered":"http:\/\/www.beta.dekoningh-advocaten.nl\/?page_id=113"},"modified":"2023-07-19T11:28:11","modified_gmt":"2023-07-19T10:28:11","slug":"philip-de-koningh","status":"publish","type":"page","link":"https:\/\/www.dekoningh-advocaten.nl\/index.php\/philip-de-koningh\/","title":{"rendered":"Philip de Koningh"},"content":{"rendered":"<p><a href=\"https:\/\/www.dekoningh-advocaten.nl\/wp-content\/uploads\/2023\/06\/Philip-profiel.jpg\"><img decoding=\"async\" loading=\"lazy\" class=\"alignnone  wp-image-290\" src=\"https:\/\/www.dekoningh-advocaten.nl\/wp-content\/uploads\/2023\/06\/Philip-profiel-300x300.jpg\" alt=\"\" width=\"191\" height=\"191\" srcset=\"https:\/\/www.dekoningh-advocaten.nl\/wp-content\/uploads\/2023\/06\/Philip-profiel-300x300.jpg 300w, https:\/\/www.dekoningh-advocaten.nl\/wp-content\/uploads\/2023\/06\/Philip-profiel-1024x1024.jpg 1024w, https:\/\/www.dekoningh-advocaten.nl\/wp-content\/uploads\/2023\/06\/Philip-profiel-150x150.jpg 150w, https:\/\/www.dekoningh-advocaten.nl\/wp-content\/uploads\/2023\/06\/Philip-profiel-768x768.jpg 768w, https:\/\/www.dekoningh-advocaten.nl\/wp-content\/uploads\/2023\/06\/Philip-profiel.jpg 1536w\" sizes=\"(max-width: 191px) 100vw, 191px\" \/><\/a><br \/>\nmr. Philip de Koningh<br \/>\nAdvocaat<\/p>\n<p>Tel: +31 348-220310<br \/>\nE-mail: <a href=\"mailto:koningh@dekoningh-advocaat.nl\">koningh@dekoningh-advocaat.nl<\/a><br \/>\n<a href=\"http:\/\/nl.linkedin.com\/in\/philipdekoningh\" target=\"_blank\" rel=\"noopener\"><img decoding=\"async\" loading=\"lazy\" class=\" alignnone\" src=\"https:\/\/static.licdn.com\/scds\/common\/u\/img\/webpromo\/btn_profile_bluetxt_80x15.png\" alt=\"View Philip de Koningh's profile on LinkedIn\" width=\"80\" height=\"15\" border=\"0\" \/><\/a><\/p>\n<p>Philip is contract- en procesadvocaat voor ondernemers en ondernemingen. Daarnaast is hij gespecialiseerd in ontslagsituaties, zowel voor werkgevers als voor werknemers.<\/p>\n<p>Zijn motto: <em>wees\u00a0eerlijk naar je cli\u00ebnt over de kansen op een goede afloop.<\/em>\u00a0Zijn cli\u00ebnten waarderen niet alleen zijn scherpe juridische analyses, maar vooral ook zijn oprechte betrokkenheid en\u00a0focus op de best mogelijke resultaten binnen de kortst mogelijke tijd.<\/p>\n<p>&#8220;<em>Buiten dat u juridisch zeer goed werk heeft gedaan ben ik ook erg te spreken over uw\/jullie aanpak. Ik vind dat de dienstverlening van uw kantoor verder gaat dan puur het juridische vlak. Het gaf mij wat vertrouwen terug en een rustpunt. Juist die menselijke benadering is net datgene wat je misschien eigenlijk helemaal niet verwacht, maar wel het verschil maakt in hoe ik\/cli\u00ebnten het ervaren<\/em>.&#8221; zo schreef \u00e9\u00e9n van zijn cli\u00ebnten onlangs.<\/p>\n<p>Talen: Engels en Duits<\/p>\n<p>Philip heeft in het rechtsgebiedenregister van de Nederlandse orde van advocaten<br \/>\nhet volgende hoofdrechtsgebied geregistreerd:<br \/>\n&#8211; Arbeidsrecht<br \/>\nOp grond van deze registratie is hij verplicht elk kalenderjaar volgens de normen van de<br \/>\nNederlandse orde van advocaten tien opleidingspunten te behalen op ieder geregistreerd<br \/>\nhoofdrechtsgebied.<\/p>\n<p>In zijn vrije tijd houdt Philip van reizen, fotografie en ski\u00ebn. Philip is ook skileraar.<\/p>\n<p><span style=\"color: #ffffff;\">.<\/span><\/p>\n","protected":false},"excerpt":{"rendered":"<p>mr. Philip de Koningh Advocaat Tel: +31 348-220310 E-mail: koningh@dekoningh-advocaat.nl Philip is contract- en procesadvocaat voor ondernemers en ondernemingen. Daarnaast is hij gespecialiseerd in ontslagsituaties, zowel voor werkgevers als voor werknemers. Zijn motto: wees\u00a0eerlijk naar je cli\u00ebnt over de kansen op een goede afloop.\u00a0Zijn cli\u00ebnten waarderen niet alleen zijn scherpe juridische analyses, maar vooral ook [&hellip;]<\/p>\n","protected":false},"author":3,"featured_media":0,"parent":0,"menu_order":0,"comment_status":"closed","ping_status":"closed","template":"","meta":[],"_links":{"self":[{"href":"https:\/\/www.dekoningh-advocaten.nl\/index.php\/wp-json\/wp\/v2\/pages\/113"}],"collection":[{"href":"https:\/\/www.dekoningh-advocaten.nl\/index.php\/wp-json\/wp\/v2\/pages"}],"about":[{"href":"https:\/\/www.dekoningh-advocaten.nl\/index.php\/wp-json\/wp\/v2\/types\/page"}],"author":[{"embeddable":true,"href":"https:\/\/www.dekoningh-advocaten.nl\/index.php\/wp-json\/wp\/v2\/users\/3"}],"replies":[{"embeddable":true,"href":"https:\/\/www.dekoningh-advocaten.nl\/index.php\/wp-json\/wp\/v2\/comments?post=113"}],"version-history":[{"count":9,"href":"https:\/\/www.dekoningh-advocaten.nl\/index.php\/wp-json\/wp\/v2\/pages\/113\/revisions"}],"predecessor-version":[{"id":331,"href":"https:\/\/www.dekoningh-advocaten.nl\/index.php\/wp-json\/wp\/v2\/pages\/113\/revisions\/331"}],"wp:attachment":[{"href":"https:\/\/www.dekoningh-advocaten.nl\/index.php\/wp-json\/wp\/v2\/media?parent=113"}],"curies":[{"name":"wp","href":"https:\/\/api.w.org\/{rel}","templated":true}]}}